{"id":11,"date":"2019-04-10T07:37:34","date_gmt":"2019-04-10T07:37:34","guid":{"rendered":"http:\/\/commonsupport.net\/newwp\/safedia\/?page_id=11"},"modified":"2022-03-15T11:56:50","modified_gmt":"2022-03-15T11:56:50","slug":"home-page-01","status":"publish","type":"page","link":"https:\/\/asesalarmes.pt\/wp\/","title":{"rendered":"Ases Alarmes"},"content":{"rendered":"<p><section class=\"kc-elm kc-css-166977 kc_row\"><div class=\"kc-row-container\"><div class=\"kc-wrap-columns\"><div class=\"kc-elm kc-css-97778 kc_col-sm-12 kc_column kc_col-sm-12\"><div class=\"kc-col-container\"> <!-- Bnner Section -->\n<section class=\"banner-section-two\">\n    <div class=\"banner-carousel owl-carousel owl-theme\">\n               <div class=\"slide-item\" style=\"background-image: url('https:\/\/asesalarmes.pt\/wp\/wp-content\/uploads\/2019\/04\/1-1024x352.jpg');\">\n            <div class=\"gradient-layer\"><\/div>\n            <div class=\"content-box\">\n                <div class=\"auto-container\">\n                    <span class=\"title\">Alarmes e Sistemas de Seguran\u00e7a<\/span>\n                    <h2>Prevenimos hoje a sua seguran\u00e7a de amanh\u00e3<\/h2>\n                    <div class=\"text\">Planeamos, instal\u00e1mos e mantemos solu\u00e7\u00f5es para prevenir e actuar sobre a seguran\u00e7a de pessoas e bens. Sistemas de preven\u00e7\u00e3o e alarme para todo o tipo de amea\u00e7as (intrus\u00e3o, furto, inc\u00eandio, gases, inunda\u00e7\u00f5es e muitas outras). <\/div>\n                    <div class=\"btn-box\"><a href=\"http:\/\/asesalarmes.pt\/?page_id=55\" class=\"theme-btn btn-style-one\">Contacte-nos<\/a><\/div>\n                <\/div>\n            <\/div>\n        <\/div>\n               <div class=\"slide-item\" style=\"background-image: url('https:\/\/asesalarmes.pt\/wp\/wp-content\/uploads\/2019\/04\/2-1-1024x352.jpg');\">\n            <div class=\"gradient-layer\"><\/div>\n            <div class=\"content-box\">\n                <div class=\"auto-container\">\n                    <span class=\"title\">Ases - Controlo e Monitoriza\u00e7\u00e3o de Sistemas de Seguran\u00e7a<\/span>\n                    <h2>Alarmes e Sistemas de Seguran\u00e7a que lhe asseguram uma maior tranquilidade e paz de esp\u00edrito.<\/h2>\n                    <div class=\"text\">A nossa equipa analisa permanentemente as melhores ofertas de alarmes e sistemas de seguran\u00e7a no mercado para poder selecionar as op\u00e7\u00f5es que melhor se adequam \u00e0s suas op\u00e7\u00f5es e or\u00e7amento.<\/div>\n                    <div class=\"btn-box\"><a href=\"http:\/\/asesalarmes.pt\/?page_id=55\" class=\"theme-btn btn-style-one\">Contacte-nos<\/a><\/div>\n                <\/div>\n            <\/div>\n        <\/div>\n               <div class=\"slide-item\" style=\"background-image: url('https:\/\/asesalarmes.pt\/wp\/wp-content\/uploads\/2019\/04\/3-1024x352.jpg');\">\n            <div class=\"gradient-layer\"><\/div>\n            <div class=\"content-box\">\n                <div class=\"auto-container\">\n                    <span class=\"title\">Uma empresa de confian\u00e7a<\/span>\n                    <h2>Por forma a minimizar todos os riscos para sua seguran\u00e7a, as instala\u00e7\u00f5es e manuten\u00e7\u00f5es dos nossos alarmes e sistemas de seguran\u00e7a s\u00e3o realizadas por equipas pr\u00f3prias.<\/h2>\n                    <div class=\"text\">Temos uma equipa de confian\u00e7a constitu\u00edda por profissionais experientes e competentes que j\u00e1 est\u00e3o na empresa h\u00e1 v\u00e1rios anos. <\/div>\n                    <div class=\"btn-box\"><a href=\"http:\/\/asesalarmes.pt\/?page_id=55\" class=\"theme-btn btn-style-one\">Contacte-nos<\/a><\/div>\n                <\/div>\n            <\/div>\n        <\/div>\n        \n    <\/div>\n<\/section>\n<!-- End Bnner Section -->\n<\/div><\/div><\/div><\/div><\/section><section class=\"kc-elm kc-css-912299 kc_row\"><div class=\"kc-row-container  kc-container\"><div class=\"kc-wrap-columns\"><div class=\"kc-elm kc-css-658702 kc_col-sm-12 kc_column kc_col-sm-12\"><div class=\"kc-col-container\">\r\n<!-- App Section -->\r\n<section class=\"app-section alternate\">\r\n    <div class=\"auto-container\">\r\n        <div class=\"row\">\r\n            <div class=\"content-column col-lg-6 col-md-12 col-sm-12\">\r\n                <div class=\"inner-column\">\r\n                    <h2>A nossa equipa est\u00e1 sempre atenta \u00e1s melhores tecnologias existentes no mercado para lhe poder propor as solu\u00e7\u00f5es que melhor respondem aos seus desafios de seguran\u00e7a.<\/h2>\r\n                    <div class=\"message\">Preocupamo-nos com a sua seguran\u00e7a e procuramos sempre propor a solu\u00e7\u00e3o que melhor defende os seus interesses.<\/div>\r\n                    <div class=\"text\">No que concerne a proteger as suas pessoas e bens, aposte por solu\u00e7\u00f5es fi\u00e1veis e de qualidade, complementadas por um servi\u00e7o personalizado e de excel\u00eancia e por uma manuten\u00e7\u00e3o peri\u00f3dica. Com isso ganhar\u00e1 tranquilidade e controlo sobre os bens e pessoas debaixo da sua responsabilidade.<\/div>\r\n                <\/div>\r\n            <\/div>\r\n\r\n            <div class=\"video-column col-lg-6 col-md-12 col-sm-12\">\r\n                <div class=\"video-box\">\r\n                    <figure class=\"image\"><img src=\"https:\/\/asesalarmes.pt\/wp\/wp-content\/uploads\/2019\/04\/app-img.jpg\" alt=\"Awesome Image\"><\/figure>\r\n                    <div class=\"link-box\"><a href=\"https:\/\/youtu.be\/4C8_B7Lh9iI\" class=\"link\" data-fancybox=\"gallery\" data-caption=\"\"><span class=\"icon fa fa-play\"><\/span><\/a><\/div>\r\n                    <div class=\"text\">Home Automation<\/div>\r\n                <\/div>\r\n            <\/div>\r\n        <\/div>\r\n    <\/div>\r\n<\/section>\r\n<!--End App Section -->\r\n\r\n<\/div><\/div><\/div><\/div><\/section><section class=\"kc-elm kc-css-333403 kc_row\"><div class=\"kc-row-container  kc-container\"><div class=\"kc-wrap-columns\"><div class=\"kc-elm kc-css-351366 kc_col-sm-12 kc_column kc_col-sm-12\"><div class=\"kc-col-container\"><!-- Segment Section -->\n<section class=\"segment-section style-two\">\n    <div class=\"auto-container\">\n        <div class=\"sec-title text-center\">\n            <h2>Sectores em que actuamos<\/h2>\n            <div class=\"text\">Projectamos, instalamos e mantemos alarmes e solu\u00e7\u00f5es de seguran\u00e7a para a prote\u00e7\u00e3o de pessoas e bens nos seguintes segmentos de mercado.  <\/div>\n        <\/div>\n        <div class=\"row\">\n                        <!-- Segment Block -->\n            <div class=\"segment-block col wow fadeInUp\">\n                <div class=\"inner-box\">\n                    <div class=\"icon-box\"><span class=\"icon flaticon-smart-home\"><\/span><\/div>\n                    <h3><a href=\"http:\/\/asesalarmes.pt\/?page_id=25\">Residencial<\/a><\/h3>\n                <\/div>\n            <\/div>\n                        <!-- Segment Block -->\n            <div class=\"segment-block col wow fadeInUp\">\n                <div class=\"inner-box\">\n                    <div class=\"icon-box\"><span class=\"icon flaticon-bank\"><\/span><\/div>\n                    <h3><a href=\"http:\/\/asesalarmes.pt\/?page_id=25\">Institucional<\/a><\/h3>\n                <\/div>\n            <\/div>\n                        <!-- Segment Block -->\n            <div class=\"segment-block col wow fadeInUp\">\n                <div class=\"inner-box\">\n                    <div class=\"icon-box\"><span class=\"icon flaticon-home-insurance-3\"><\/span><\/div>\n                    <h3><a href=\"http:\/\/asesalarmes.pt\/?page_id=25\">Industrial<\/a><\/h3>\n                <\/div>\n            <\/div>\n                        <!-- Segment Block -->\n            <div class=\"segment-block col wow fadeInUp\">\n                <div class=\"inner-box\">\n                    <div class=\"icon-box\"><span class=\"icon flaticon-hospital\"><\/span><\/div>\n                    <h3><a href=\"\">Sa\u00fade<\/a><\/h3>\n                <\/div>\n            <\/div>\n                        <!-- Segment Block -->\n            <div class=\"segment-block col wow fadeInUp\">\n                <div class=\"inner-box\">\n                    <div class=\"icon-box\"><span class=\"icon flaticon-shop\"><\/span><\/div>\n                    <h3><a href=\"http:\/\/asesalarmes.pt\/?page_id=25\">Com\u00e9rcio<\/a><\/h3>\n                <\/div>\n            <\/div>\n                    <\/div>\n    <\/div>\n<\/section>\n<!--End Segment Section -->\n<\/div><\/div><\/div><\/div><\/section><section class=\"kc-elm kc-css-682117 kc_row\"><div class=\"kc-row-container\"><div class=\"kc-wrap-columns\"><div class=\"kc-elm kc-css-8359 kc_col-sm-12 kc_column kc_col-sm-12\"><div class=\"kc-col-container\"><!-- Video Section -->\n<section class=\"video-section\" style=\"background-image: url(https:\/\/asesalarmes.pt\/wp\/wp-content\/uploads\/2019\/04\/2-1024x576.jpg);\">\n    <div class=\"auto-container\">\n        <div class=\"row\">\n            <div class=\"title-column col-lg-8 col-md-12 col-sm-12\">\n                <div class=\"inner-column wow fadeInLeft\">\n                    <span class=\"title\">Making Your Life Safer<\/span>\n                    <h2>Customized security solutions to protect your people &amp; home<\/h2>\n                <\/div>\n            <\/div>\n\n            <div class=\"video-column col-lg-4 col-md-12 col-sm-12\">\n                <div class=\"inner-column\">\n                    <div class=\"video-link wow zoomIn\"><a href=\"https:\/\/www.youtube.com\/watch?v=e_WOEL6F1YE\" class=\"link\" data-fancybox=\"gallery\" data-caption=\"\"><span class=\"icon fa fa-play\"><\/span><\/a><\/div>\n                <\/div>\n            <\/div>\n        <\/div>\n    <\/div>\n<\/section>\n<!--End Video Section --><\/div><\/div><\/div><\/div><\/section><section class=\"kc-elm kc-css-11519 kc_row\"><div class=\"kc-row-container\"><div class=\"kc-wrap-columns\"><div class=\"kc-elm kc-css-388287 kc_col-sm-12 kc_column kc_col-sm-12\"><div class=\"kc-col-container\">\r\n<!-- Services Section -->\r\n<section class=\"services-section\">\r\n    <div class=\"auto-container\">\r\n        <div class=\"sec-title\">\r\n            <h2>High-Quality Alarm and Security Services<\/h2>\r\n            <div class=\"text\">For the greater part of us, our house isn't only a place, it's the place we bring up our kids, invest energy with family and periodically resign.<\/div>\r\n        <\/div>\r\n\r\n        <div class=\"services-carousel owl-carousel owl-theme\">\r\n                        <!-- Service Block -->\r\n            <div class=\"service-block\">\r\n                <div class=\"inner-box\">\r\n                    <div class=\"icon-box\"><span class=\"icon flaticon-gear\"><\/span><\/div>\r\n                    <h3><a href=\"http:\/\/asesalarmes.pt\/?page_id=55\">Automa\u00e7\u00e3o e Dom\u00f3tica<\/a><\/h3>\r\n                    <div class=\"text\">A tecnologia ao seu servi\u00e7o<\/div>\r\n                    <div class=\"link-box\"><a href=\"http:\/\/asesalarmes.pt\/?page_id=55\">know more<\/a><\/div>\r\n                <\/div>\r\n            <\/div>\r\n                        <!-- Service Block -->\r\n            <div class=\"service-block\">\r\n                <div class=\"inner-box\">\r\n                    <div class=\"icon-box\"><span class=\"icon flaticon-cctv-24\"><\/span><\/div>\r\n                    <h3><a href=\"http:\/\/asesalarmes.pt\/?page_id=55\">Sistemas de CCTV<\/a><\/h3>\r\n                    <div class=\"text\">Planifica\u00e7\u00e3o de Sistemas de CCTV<\/div>\r\n                    <div class=\"link-box\"><a href=\"http:\/\/asesalarmes.pt\/?page_id=55\">know more<\/a><\/div>\r\n                <\/div>\r\n            <\/div>\r\n                        <!-- Service Block -->\r\n            <div class=\"service-block\">\r\n                <div class=\"inner-box\">\r\n                    <div class=\"icon-box\"><span class=\"icon flaticon-access\"><\/span><\/div>\r\n                    <h3><a href=\"http:\/\/asesalarmes.pt\/?page_id=55\">Controlo de Acessos<\/a><\/h3>\r\n                    <div class=\"text\">Sistemas de controlo de acessos<\/div>\r\n                    <div class=\"link-box\"><a href=\"http:\/\/asesalarmes.pt\/?page_id=55\">know more<\/a><\/div>\r\n                <\/div>\r\n            <\/div>\r\n                        <!-- Service Block -->\r\n            <div class=\"service-block\">\r\n                <div class=\"inner-box\">\r\n                    <div class=\"icon-box\"><span class=\"icon flaticon-alarm\"><\/span><\/div>\r\n                    <h3><a href=\"http:\/\/asesalarmes.pt\/?page_id=55\">Dete\u00e7\u00e3o de Riscos<\/a><\/h3>\r\n                    <div class=\"text\">Prote\u00e7\u00e3o contra riscos de incendio, inunda\u00e7\u00e3o e outros.<\/div>\r\n                    <div class=\"link-box\"><a href=\"http:\/\/asesalarmes.pt\/?page_id=55\">know more<\/a><\/div>\r\n                <\/div>\r\n            <\/div>\r\n                        <!-- Service Block -->\r\n            <div class=\"service-block\">\r\n                <div class=\"inner-box\">\r\n                    <div class=\"icon-box\"><span class=\"icon flaticon-cctv-26\"><\/span><\/div>\r\n                    <h3><a href=\"http:\/\/asesalarmes.pt\/?page_id=55\">Video Vigil\u00e2ncia<\/a><\/h3>\r\n                    <div class=\"text\">Solu\u00e7\u00f5es profissionais de video vigil\u00e2ncia.<\/div>\r\n                    <div class=\"link-box\"><a href=\"http:\/\/asesalarmes.pt\/?page_id=55\">know more<\/a><\/div>\r\n                <\/div>\r\n            <\/div>\r\n                    <\/div>\r\n    <\/div>\r\n<\/section>\r\n<!--End Services Section -->\r\n\r\n<\/div><\/div><\/div><\/div><\/section><section class=\"kc-elm kc-css-835246 kc_row\"><div class=\"kc-row-container  kc-container\"><div class=\"kc-wrap-columns\"><div class=\"kc-elm kc-css-710444 kc_col-sm-12 kc_column kc_col-sm-12\"><div class=\"kc-col-container\"><!-- Security Section -->\r\n<section class=\"security-section-two\">\r\n    <div class=\"auto-container\">\r\n        <div class=\"row\">                \r\n            <div class=\"content-column col-lg-7 col-md-12 col-sm-12 order-2\">\r\n                <div class=\"inner-column\">\r\n                    <h2>Our security packages ensure that you feel safe and secure in your home.<\/h2>\r\n                    <span class=\"title\">We offer high-quality security services at affordable prices<\/span>\r\n                    <div class=\"text\">We believe in reliable, local protection. We\u2019ve been protecting homes and businesses across America since 1992. Our company is staffed with dedicated professionals who live in the communities they serve- perhaps even in your neighborhood.<\/div>\r\n                    <ul class=\"list-style-two\">\r\n                        \t\t\t\t\t\t                            <li>Arm\/Disram your home security system\r<\/li>\r\n                                                    <li>Live Video monitoring\r<\/li>\r\n                                                    <li>Access from anywhere\r<\/li>\r\n                                                    <li>View security alerts \/ notification<\/li>\r\n                                            <\/ul>\r\n                <\/div>\r\n            <\/div>\r\n\r\n            <!-- Image Column -->\r\n            <div class=\"image-column col-lg-5 col-md-12 col-sm-12\">\r\n                <div class=\"inner-column\">\r\n                    <figure class=\"image wow fadeInLeft\"><a href=\"https:\/\/asesalarmes.pt\/wp\/wp-content\/uploads\/2019\/04\/image-5.jpg\" class=\"lightbox-image\" data-fancybox=\"images\"><img src=\"https:\/\/asesalarmes.pt\/wp\/wp-content\/uploads\/2019\/04\/image-5.jpg\" alt=\"Awesome Image\"><\/a><\/figure>\r\n                <\/div>\r\n            <\/div>\r\n        <\/div>\r\n    <\/div>\r\n<\/section>\r\n<!--Emd Security Section --><\/div><\/div><\/div><\/div><\/section><section class=\"kc-elm kc-css-546310 kc_row\"><div class=\"kc-row-container  kc-container\"><div class=\"kc-wrap-columns\"><div class=\"kc-elm kc-css-545279 kc_col-sm-12 kc_column kc_col-sm-12\"><div class=\"kc-col-container\">\r\n<!-- Security Section -->\r\n<section class=\"security-section\">\r\n    <div class=\"auto-container\">\r\n        <div class=\"sec-title\">\r\n            <h2>Tenha uma solu\u00e7\u00e3o \u00e0 sua medida<\/h2>\r\n            <div class=\"text\">Na ASES projectamos sempre uma solu\u00e7\u00e3o de acordo com o or\u00e7amento e necessidades do cliente, de modo a maximizar os resultados. Est\u00e1 a considerar optar por uma oferta standard ou uma subscri\u00e7\u00e3o? Talvez consiga um pre\u00e7o mais interessante e lhe pare\u00e7a ser uma op\u00e7\u00e3o mais f\u00e1cil, mas tenha em considera\u00e7\u00e3o o seguinte:<\/div>\r\n        <\/div>\r\n\r\n        <div class=\"row\">\r\n            <div class=\"list-column col-lg-6 col-md-12 col-sm-12\">\r\n                <ul class=\"list-style-three\">\r\n\t\t\t\t\t                                            <li>Est\u00e1 a decidir sobre a seguran\u00e7a de bens e pessoas da sua responsabilidade. \r<\/li>\r\n                                            <li>Desenhamos e propomos sistemas \u00e0 sua medida, dificultando aos os malfeitores descobrirem poss\u00edveis falhas.\r<\/li>\r\n                                            <li>As nossas instala\u00e7\u00f5es s\u00e3o feitas por equipas pr\u00f3prias, com t\u00e9cnicos da nossa total confian\u00e7a e que est\u00e3o connosco h\u00e1 v\u00e1rios anos \r<\/li>\r\n                                            <li>Propomos solu\u00e7\u00f5es de alta qualidade para garantir que funcionam no momento em que s\u00e3o necess\u00e1rias e de forma a minimizar os falsos alarmes.\r<\/li>\r\n                                            <li>Temos um historial de excel\u00eancia no cumprimento dos tempos de resposta e no respeito aos agendamentos e manuten\u00e7\u00f5es. Consulte junto dos nossos clientes.<\/li>\r\n                                    <\/ul>\r\n            <\/div>\r\n\r\n            <div class=\"image-column col-lg-6 col-md-12 col-sm-12\">\r\n                <div class=\"inner-column\">\r\n                    <div class=\"image-box clearfix\">\r\n                                                <figure class=\"image\"><a href=\"#\"><img src=\"https:\/\/asesalarmes.pt\/wp\/wp-content\/uploads\/2022\/01\/24x7_128.png\" alt=\"Awesome Image\"><\/a><\/figure>\r\n                                                <figure class=\"image\"><a href=\"#\"><img src=\"https:\/\/asesalarmes.pt\/wp\/wp-content\/uploads\/2022\/01\/30anos_130x130-px.png\" alt=\"Awesome Image\"><\/a><\/figure>\r\n                                                <figure class=\"image\"><a href=\"#\"><img src=\"https:\/\/asesalarmes.pt\/wp\/wp-content\/uploads\/2022\/01\/SIGESP-Logotipo-Registo-Previo-150x150.png\" alt=\"Awesome Image\"><\/a><\/figure>\r\n                                            <\/div>\r\n                <\/div>\r\n            <\/div>\r\n        <\/div>\r\n    <\/div>\r\n<\/section>\r\n<!--End Security Section -->\r\n\r\n<\/div><\/div><\/div><\/div><\/section><section class=\"kc-elm kc-css-96391 kc_row\"><div class=\"kc-row-container\"><div class=\"kc-wrap-columns\"><div class=\"kc-elm kc-css-245998 kc_col-sm-12 kc_column kc_col-sm-12\"><div class=\"kc-col-container\">\r\n\r\n<!-- Testimonial Section Two -->\r\n<section class=\"testimonial-section-two\">\r\n    <div class=\"auto-container\">\r\n        <!-- Testimonial Carousel  -->\r\n        <div class=\"testimonial-carousel owl-carousel owl-theme\">\r\n                        <!-- Testimonial Block -->\r\n            <div class=\"testimonial-block-two\">\r\n                <div class=\"inner-box\">\r\n                    <figure class=\"thumb\">\r\n                    <img width=\"92\" height=\"92\" src=\"https:\/\/asesalarmes.pt\/wp\/wp-content\/uploads\/2022\/01\/maturewoman-92x92.jpg\" class=\"attachment-safedia_92x92 size-safedia_92x92 wp-post-image\" alt=\"\" loading=\"lazy\" srcset=\"https:\/\/asesalarmes.pt\/wp\/wp-content\/uploads\/2022\/01\/maturewoman-92x92.jpg 92w, https:\/\/asesalarmes.pt\/wp\/wp-content\/uploads\/2022\/01\/maturewoman-300x300.jpg 300w, https:\/\/asesalarmes.pt\/wp\/wp-content\/uploads\/2022\/01\/maturewoman-150x150.jpg 150w, https:\/\/asesalarmes.pt\/wp\/wp-content\/uploads\/2022\/01\/maturewoman-70x70.jpg 70w, https:\/\/asesalarmes.pt\/wp\/wp-content\/uploads\/2022\/01\/maturewoman-100x100.jpg 100w, https:\/\/asesalarmes.pt\/wp\/wp-content\/uploads\/2022\/01\/maturewoman.jpg 313w\" sizes=\"(max-width: 92px) 100vw, 92px\" \/>                    <\/figure>\r\n                    <div class=\"text\">H\u00e1 mais de 10 anos que tenho um alarme ASES em casa. At\u00e9 \u00e0 data nunca fui alvo de intrus\u00f5es mal intencionadas mas j\u00e1 activei o alarme sem querer e fui notificada em segundos.<\/div>\r\n                    <div class=\"info-box\">\r\n                        <h3 class=\"name\">Rita da Silva<\/h3>\r\n                        <span class=\"designation\">Account Manager<\/span>\r\n                    <\/div>\r\n                <\/div>\r\n            <\/div>\r\n                    <\/div>\r\n    <\/div>\r\n<\/section>\r\n<!--End Testimonial Section Two -->\r\n\r\n<\/div><\/div><\/div><\/div><\/section><section class=\"kc-elm kc-css-612763 kc_row\"><div class=\"kc-row-container\"><div class=\"kc-wrap-columns\"><div class=\"kc-elm kc-css-534508 kc_col-sm-12 kc_column kc_col-sm-12\"><div class=\"kc-col-container\">\r\n<!-- Help Section -->\r\n<section class=\"help-section\">\r\n    <div class=\"auto-container\">\r\n        <div class=\"row\">\r\n            <div class=\"content-column col-lg-8 col-md-12 col-sm-12\">\r\n                <div class=\"inner-column\">\r\n                    <h2>Request Service On Your System<\/h2>\r\n                    <div class=\"text\">You can now request service online by filling out the form below. We pride ourselves on prompt response time and excellent service. Our goal is to provide same day or next day service whenever possible.<\/div>\r\n                    <ul class=\"info-list\">\r\n                        \t\t\t\t\t\t                            <li>To request service on any of your security systems:\r<\/li>\r\n                                                    <li>Phone No.: 1800 456 7890\r<\/li>\r\n                                                    <li>Email: <a href=\"#\">service@homesafe.com<\/a><\/li>\r\n                                            <\/ul>\r\n                <\/div>\r\n            <\/div>\r\n\r\n            <div class=\"image-column col-lg-4 col-md-12 col-sm-12\">\r\n                <div class=\"inner-column\">\r\n                    <figure class=\"image\"><img src=\"https:\/\/asesalarmes.pt\/wp\/wp-content\/uploads\/2019\/04\/image-3.jpg\" alt=\"Awesome Image\"><\/figure>\r\n                <\/div>\r\n            <\/div>\r\n        <\/div>\r\n    <\/div>\r\n<\/section>\r\n<!--End Help Section -->\r\n\r\n<\/div><\/div><\/div><\/div><\/section><\/p>\n","protected":false},"excerpt":{"rendered":"","protected":false},"author":2,"featured_media":0,"parent":0,"menu_order":0,"comment_status":"closed","ping_status":"closed","template":"tpl-king_composer.php","meta":[],"_links":{"self":[{"href":"https:\/\/asesalarmes.pt\/wp\/wp-json\/wp\/v2\/pages\/11"}],"collection":[{"href":"https:\/\/asesalarmes.pt\/wp\/wp-json\/wp\/v2\/pages"}],"about":[{"href":"https:\/\/asesalarmes.pt\/wp\/wp-json\/wp\/v2\/types\/page"}],"author":[{"embeddable":true,"href":"https:\/\/asesalarmes.pt\/wp\/wp-json\/wp\/v2\/users\/2"}],"replies":[{"embeddable":true,"href":"https:\/\/asesalarmes.pt\/wp\/wp-json\/wp\/v2\/comments?post=11"}],"version-history":[{"count":6,"href":"https:\/\/asesalarmes.pt\/wp\/wp-json\/wp\/v2\/pages\/11\/revisions"}],"predecessor-version":[{"id":908,"href":"https:\/\/asesalarmes.pt\/wp\/wp-json\/wp\/v2\/pages\/11\/revisions\/908"}],"wp:attachment":[{"href":"https:\/\/asesalarmes.pt\/wp\/wp-json\/wp\/v2\/media?parent=11"}],"curies":[{"name":"wp","href":"https:\/\/api.w.org\/{rel}","templated":true}]}}